{"id":26,"date":"2022-08-24T03:44:13","date_gmt":"2022-08-24T03:44:13","guid":{"rendered":"https:\/\/www.manomalaxo.fr\/?page_id=26"},"modified":"2025-02-26T22:14:22","modified_gmt":"2025-02-26T21:14:22","slug":"our-services","status":"publish","type":"page","link":"https:\/\/www.manomalaxo.fr\/?page_id=26","title":{"rendered":"Les massages"},"content":{"rendered":"\t\t<div data-elementor-type=\"wp-page\" data-elementor-id=\"26\" class=\"elementor elementor-26\">\n\t\t\t\t<div class=\"elementor-element elementor-element-3c3e98c e-flex e-con-boxed e-con e-parent\" data-id=\"3c3e98c\" data-element_type=\"container\" data-e-type=\"container\">\n\t\t\t\t\t<div class=\"e-con-inner\">\n\t\t\t\t<div class=\"elementor-element elementor-element-081bab4 elementor-widget elementor-widget-ovasev_elementor_service_box\" data-id=\"081bab4\" data-element_type=\"widget\" data-e-type=\"widget\" data-settings=\"{&quot;_animation_tablet&quot;:&quot;none&quot;}\" data-widget_type=\"ovasev_elementor_service_box.default\">\n\t\t\t\t<div class=\"elementor-widget-container\">\n\t\t\t\t\t\n<div class=\"ova-service-box-elementor three_column\">\n\n\t\n\t<div class=\"ova-service-box ova-service-box-template1\">\n\n\t\t \n\t\t    <div class=\"mask\" style=\"background-image: url(https:\/\/www.manomalaxo.fr\/wp-content\/uploads\/2022\/08\/flowers2.png)\"><\/div>\n\t    \n\t    <div class=\"img-service\">\t\n\t    \t\t    \t\t<img decoding=\"async\" src=\"https:\/\/www.manomalaxo.fr\/wp-content\/uploads\/2022\/08\/Manomalaxo-modelage-dos-massages-thionville-erotique-768x536.jpg\" alt=\"Massage Int\u00e9gral \u00e0 l&rsquo;Huile\">\n\t    \t\n\t    \t\t\t\t\t<div class=\"icon\">\n\t\t\t\t\t<i class=\"flaticon-save-water\"><\/i>\n\t\t\t\t<\/div>\n\t\t\t\t    <\/div>\n\t    \n\t    <div class=\"info\">\n\t    \t\t\t\t\t<a href=\"https:\/\/www.manomalaxo.fr\/?ova_sev=massage-integral-a-lhuile\"  title=\"Massage Int\u00e9gral \u00e0 l&rsquo;Huile\">\n\t\t\t\n\t\t        \t\t\t\t\t<h4 class=\"title\">\n\t\t\t\t\t\tMassage Int\u00e9gral \u00e0 l&rsquo;Huile\t\t\t\t\t<\/h4>\n\t\t\t\t\n\t\t\t\t\t\t\t<\/a>\n\t\t\t    \n\t\t\t\t\t\t\t<p class=\"description\">\n\t\t\t\t\tLe massage \u00e0 l&#039;huile associe les bienfaits de la d\u00e9tente musculaire et de l&#039;hydratation de la peau.\t\t\t\t<\/p>\n\t\t\t\n\t\t\t\t\t\t\t<a class=\"book-button\" href=\"https:\/\/www.manomalaxo.fr\/?ova_sev=massage-integral-a-lhuile\"  title=\"Massage Int\u00e9gral \u00e0 l&rsquo;Huile\">\n\t\t\t\t\tLire la suite\t\t\t\t\t<i class=\"flaticon flaticon-right-arrow\"><\/i>\n\t\t\t\t<\/a>\n\t\t\t\t    <\/div>\n\n\t<\/div>\n\t<div class=\"ova-service-box ova-service-box-template1\">\n\n\t\t \n\t\t    <div class=\"mask\" style=\"background-image: url(https:\/\/www.manomalaxo.fr\/wp-content\/uploads\/2022\/08\/flowers2.png)\"><\/div>\n\t    \n\t    <div class=\"img-service\">\t\n\t    \t\t    \t\t<img decoding=\"async\" src=\"https:\/\/www.manomalaxo.fr\/wp-content\/uploads\/2022\/08\/Manomalaxo-modelage-dos-massages-thionville-erotique-Tonbnail-768x536.jpg\" alt=\"Massage &#038; Relaxation Guid\u00e9e\">\n\t    \t\n\t    \t\t\t\t\t<div class=\"icon\">\n\t\t\t\t\t<i class=\"flaticon-spa\"><\/i>\n\t\t\t\t<\/div>\n\t\t\t\t    <\/div>\n\t    \n\t    <div class=\"info\">\n\t    \t\t\t\t\t<a href=\"https:\/\/www.manomalaxo.fr\/?ova_sev=massage-relaxation-guidee\"  title=\"Massage &#038; Relaxation Guid\u00e9e\">\n\t\t\t\n\t\t        \t\t\t\t\t<h4 class=\"title\">\n\t\t\t\t\t\tMassage &#038; Relaxation Guid\u00e9e\t\t\t\t\t<\/h4>\n\t\t\t\t\n\t\t\t\t\t\t\t<\/a>\n\t\t\t    \n\t\t\t\t\t\t\t<p class=\"description\">\n\t\t\t\t\tUne exp\u00e9rience unique dans la r\u00e9gion : relaxation guid\u00e9e et massage pour une d\u00e9tente totale.\t\t\t\t<\/p>\n\t\t\t\n\t\t\t\t\t\t\t<a class=\"book-button\" href=\"https:\/\/www.manomalaxo.fr\/?ova_sev=massage-relaxation-guidee\"  title=\"Massage &#038; Relaxation Guid\u00e9e\">\n\t\t\t\t\tLire la suite\t\t\t\t\t<i class=\"flaticon flaticon-right-arrow\"><\/i>\n\t\t\t\t<\/a>\n\t\t\t\t    <\/div>\n\n\t<\/div>\n\t<div class=\"ova-service-box ova-service-box-template1\">\n\n\t\t \n\t\t    <div class=\"mask\" style=\"background-image: url(https:\/\/www.manomalaxo.fr\/wp-content\/uploads\/2022\/08\/flowers2.png)\"><\/div>\n\t    \n\t    <div class=\"img-service\">\t\n\t    \t\t    \t\t<img decoding=\"async\" src=\"https:\/\/www.manomalaxo.fr\/wp-content\/uploads\/2022\/08\/Manomalaxo-modelage-dos-massages-thionville-erotic.jpg\" alt=\"Modelage Dos\">\n\t    \t\n\t    \t\t\t\t\t<div class=\"icon\">\n\t\t\t\t\t<i class=\"flaticon-spa-1\"><\/i>\n\t\t\t\t<\/div>\n\t\t\t\t    <\/div>\n\t    \n\t    <div class=\"info\">\n\t    \t\t\t\t\t<a href=\"https:\/\/www.manomalaxo.fr\/?ova_sev=modelage-dos\"  title=\"Modelage Dos\">\n\t\t\t\n\t\t        \t\t\t\t\t<h4 class=\"title\">\n\t\t\t\t\t\tModelage Dos\t\t\t\t\t<\/h4>\n\t\t\t\t\n\t\t\t\t\t\t\t<\/a>\n\t\t\t    \n\t\t\t\t\t\t\t<p class=\"description\">\n\t\t\t\t\tNotre dos est sollicit\u00e9 en permanence. Il subit le stress, les mauvaises postures et les tensions qui s\u2019accumulent jour apr\u00e8s jour. Prendre soin de cette zone essentielle...\t\t\t\t<\/p>\n\t\t\t\n\t\t\t\t\t\t\t<a class=\"book-button\" href=\"https:\/\/www.manomalaxo.fr\/?ova_sev=modelage-dos\"  title=\"Modelage Dos\">\n\t\t\t\t\tLire la suite\t\t\t\t\t<i class=\"flaticon flaticon-right-arrow\"><\/i>\n\t\t\t\t<\/a>\n\t\t\t\t    <\/div>\n\n\t<\/div>\n\t<div class=\"ova-service-box ova-service-box-template1\">\n\n\t\t \n\t\t    <div class=\"mask\" style=\"background-image: url(https:\/\/www.manomalaxo.fr\/wp-content\/uploads\/2022\/08\/flowers2.png)\"><\/div>\n\t    \n\t    <div class=\"img-service\">\t\n\t    \t\t    \t\t<img decoding=\"async\" src=\"https:\/\/www.manomalaxo.fr\/wp-content\/uploads\/2022\/08\/Manomalaxo-pierres-chaudes-massages-thionville-erotique-768x536.jpg\" alt=\"Massage aux Pierres Chaudes\">\n\t    \t\n\t    \t\t\t\t\t<div class=\"icon\">\n\t\t\t\t\t<i class=\"flaticon-stones\"><\/i>\n\t\t\t\t<\/div>\n\t\t\t\t    <\/div>\n\t    \n\t    <div class=\"info\">\n\t    \t\t\t\t\t<a href=\"https:\/\/www.manomalaxo.fr\/?ova_sev=massage-aux-pierres-chaudes\"  title=\"Massage aux Pierres Chaudes\">\n\t\t\t\n\t\t        \t\t\t\t\t<h4 class=\"title\">\n\t\t\t\t\t\tMassage aux Pierres Chaudes\t\t\t\t\t<\/h4>\n\t\t\t\t\n\t\t\t\t\t\t\t<\/a>\n\t\t\t    \n\t\t\t\t\t\t\t<p class=\"description\">\n\t\t\t\t\tLe massage aux pierres chaudes est une exp\u00e9rience relaxante et revigorante qui allie la douceur du toucher \u00e0 la chaleur bienfaisante des pierres. \t\t\t\t<\/p>\n\t\t\t\n\t\t\t\t\t\t\t<a class=\"book-button\" href=\"https:\/\/www.manomalaxo.fr\/?ova_sev=massage-aux-pierres-chaudes\"  title=\"Massage aux Pierres Chaudes\">\n\t\t\t\t\tLire la suite\t\t\t\t\t<i class=\"flaticon flaticon-right-arrow\"><\/i>\n\t\t\t\t<\/a>\n\t\t\t\t    <\/div>\n\n\t<\/div>\n\t<div class=\"ova-service-box ova-service-box-template1\">\n\n\t\t \n\t\t    <div class=\"mask\" style=\"background-image: url(https:\/\/www.manomalaxo.fr\/wp-content\/uploads\/2022\/08\/flowers2.png)\"><\/div>\n\t    \n\t    <div class=\"img-service\">\t\n\t    \t\t    \t\t<img decoding=\"async\" src=\"https:\/\/www.manomalaxo.fr\/wp-content\/uploads\/2022\/08\/Manomalaxo-massages-Bougie-parfumee-thionville-homme-erotique-768x536.jpg\" alt=\"Massage \u00e0 la Bougie Parfum\u00e9e\">\n\t    \t\n\t    \t\t\t\t\t<div class=\"icon\">\n\t\t\t\t\t<i class=\"flaticon-spa-candles\"><\/i>\n\t\t\t\t<\/div>\n\t\t\t\t    <\/div>\n\t    \n\t    <div class=\"info\">\n\t    \t\t\t\t\t<a href=\"https:\/\/www.manomalaxo.fr\/?ova_sev=massage-a-la-bougie-parfumee\"  title=\"Massage \u00e0 la Bougie Parfum\u00e9e\">\n\t\t\t\n\t\t        \t\t\t\t\t<h4 class=\"title\">\n\t\t\t\t\t\tMassage \u00e0 la Bougie Parfum\u00e9e\t\t\t\t\t<\/h4>\n\t\t\t\t\n\t\t\t\t\t\t\t<\/a>\n\t\t\t    \n\t\t\t\t\t\t\t<p class=\"description\">\n\t\t\t\t\tLes bougies de massage vous apportent un moment de d\u00e9tente et de relaxation en cr\u00e9ant une atmosph\u00e8re sensuelle. \t\t\t\t<\/p>\n\t\t\t\n\t\t\t\t\t\t\t<a class=\"book-button\" href=\"https:\/\/www.manomalaxo.fr\/?ova_sev=massage-a-la-bougie-parfumee\"  title=\"Massage \u00e0 la Bougie Parfum\u00e9e\">\n\t\t\t\t\tLire la suite\t\t\t\t\t<i class=\"flaticon flaticon-right-arrow\"><\/i>\n\t\t\t\t<\/a>\n\t\t\t\t    <\/div>\n\n\t<\/div>\n\t<div class=\"ova-service-box ova-service-box-template1\">\n\n\t\t \n\t\t    <div class=\"mask\" style=\"background-image: url(https:\/\/www.manomalaxo.fr\/wp-content\/uploads\/2022\/08\/flowers2.png)\"><\/div>\n\t    \n\t    <div class=\"img-service\">\t\n\t    \t\t    \t\t<img decoding=\"async\" src=\"https:\/\/www.manomalaxo.fr\/wp-content\/uploads\/2022\/08\/Manomalaxo-CDB-cannabis-massages-thionville-erotique-768x536.jpg\" alt=\"CBD Oil Massage\">\n\t    \t\n\t    \t\t\t\t\t<div class=\"icon\">\n\t\t\t\t\t<i class=\"flaticon-lotus\"><\/i>\n\t\t\t\t<\/div>\n\t\t\t\t    <\/div>\n\t    \n\t    <div class=\"info\">\n\t    \t\t\t\t\t<a href=\"https:\/\/www.manomalaxo.fr\/?ova_sev=body-treatment\"  title=\"CBD Oil Massage\">\n\t\t\t\n\t\t        \t\t\t\t\t<h4 class=\"title\">\n\t\t\t\t\t\tCBD Oil Massage\t\t\t\t\t<\/h4>\n\t\t\t\t\n\t\t\t\t\t\t\t<\/a>\n\t\t\t    \n\t\t\t\t\t\t\t<p class=\"description\">\n\t\t\t\t\tNous le savons d\u00e9sormais, les bienfaits de l\u2019huile de CBD sont nombreux. La mol\u00e9cule est en effet \u00e0 la fois relaxante, anti-inflammatoire et un excellent d\u00e9contractant musculaire. \t\t\t\t<\/p>\n\t\t\t\n\t\t\t\t\t\t\t<a class=\"book-button\" href=\"https:\/\/www.manomalaxo.fr\/?ova_sev=body-treatment\"  title=\"CBD Oil Massage\">\n\t\t\t\t\tLire la suite\t\t\t\t\t<i class=\"flaticon flaticon-right-arrow\"><\/i>\n\t\t\t\t<\/a>\n\t\t\t\t    <\/div>\n\n\t<\/div>\n\t<div class=\"ova-service-box ova-service-box-template1\">\n\n\t\t \n\t\t    <div class=\"mask\" style=\"background-image: url(https:\/\/www.manomalaxo.fr\/wp-content\/uploads\/2022\/08\/flowers2.png)\"><\/div>\n\t    \n\t    <div class=\"img-service\">\t\n\t    \t\t    \t\t<img decoding=\"async\" src=\"https:\/\/www.manomalaxo.fr\/wp-content\/uploads\/2025\/02\/Manomalaxo-massages-homme-thionville-4-Mains-768x660.jpg\" alt=\"Massage 4 Mains\">\n\t    \t\n\t    \t\t\t\t\t<div class=\"icon\">\n\t\t\t\t\t<i class=\"flaticon-special\"><\/i>\n\t\t\t\t<\/div>\n\t\t\t\t    <\/div>\n\t    \n\t    <div class=\"info\">\n\t    \t\t\t\t\t<a href=\"https:\/\/www.manomalaxo.fr\/?ova_sev=massage-4-mains\"  title=\"Massage 4 Mains\">\n\t\t\t\n\t\t        \t\t\t\t\t<h4 class=\"title\">\n\t\t\t\t\t\tMassage 4 Mains\t\t\t\t\t<\/h4>\n\t\t\t\t\n\t\t\t\t\t\t\t<\/a>\n\t\t\t    \n\t\t\t\t\t\t\t<p class=\"description\">\n\t\t\t\t\tImaginez-vous berc\u00e9(e) par une vague de douceur, o\u00f9 chaque mouvement est parfaitement synchronis\u00e9 pour vous emmener dans un \u00e9tat de l\u00e2cher-prise absolu.\t\t\t\t<\/p>\n\t\t\t\n\t\t\t\t\t\t\t<a class=\"book-button\" href=\"https:\/\/www.manomalaxo.fr\/?ova_sev=massage-4-mains\"  title=\"Massage 4 Mains\">\n\t\t\t\t\tLire la suite\t\t\t\t\t<i class=\"flaticon flaticon-right-arrow\"><\/i>\n\t\t\t\t<\/a>\n\t\t\t\t    <\/div>\n\n\t<\/div>\n\t<div class=\"ova-service-box ova-service-box-template1\">\n\n\t\t \n\t\t    <div class=\"mask\" style=\"background-image: url(https:\/\/www.manomalaxo.fr\/wp-content\/uploads\/2022\/08\/flowers2.png)\"><\/div>\n\t    \n\t    <div class=\"img-service\">\t\n\t    \t\t    \t\t<img decoding=\"async\" src=\"https:\/\/www.manomalaxo.fr\/wp-content\/uploads\/2025\/02\/Manomalaxo-modelage-dos-massages-thionville-erotique-tombnail.jpg\" alt=\"Douche Exfoliante\">\n\t    \t\n\t    \t\t\t\t\t<div class=\"icon\">\n\t\t\t\t\t<i class=\"flaticon-aroma\"><\/i>\n\t\t\t\t<\/div>\n\t\t\t\t    <\/div>\n\t    \n\t    <div class=\"info\">\n\t    \t\t\t\t\t<a href=\"https:\/\/www.manomalaxo.fr\/?ova_sev=douche-exfoliante\"  title=\"Douche Exfoliante\">\n\t\t\t\n\t\t        \t\t\t\t\t<h4 class=\"title\">\n\t\t\t\t\t\tDouche Exfoliante\t\t\t\t\t<\/h4>\n\t\t\t\t\n\t\t\t\t\t\t\t<\/a>\n\t\t\t    \n\t\t\t\t\t\t\t<p class=\"description\">\n\t\t\t\t\tVoici une exp\u00e9rience compl\u00e9mentaire \u00e0 votre massage : un gommage au savon noir et au gant exfoliant. \t\t\t\t<\/p>\n\t\t\t\n\t\t\t\t\t\t\t<a class=\"book-button\" href=\"https:\/\/www.manomalaxo.fr\/?ova_sev=douche-exfoliante\"  title=\"Douche Exfoliante\">\n\t\t\t\t\tLire la suite\t\t\t\t\t<i class=\"flaticon flaticon-right-arrow\"><\/i>\n\t\t\t\t<\/a>\n\t\t\t\t    <\/div>\n\n\t<\/div>\n<\/div>\t\t\t\t<\/div>\n\t\t\t\t<\/div>\n\t\t\t\t\t<\/div>\n\t\t\t\t<\/div>\n\t\t<div class=\"elementor-element elementor-element-25ad9fed e-flex e-con-boxed e-con e-parent\" data-id=\"25ad9fed\" data-element_type=\"container\" data-e-type=\"container\">\n\t\t\t\t\t<div class=\"e-con-inner\">\n\t\t\t\t<div class=\"elementor-element elementor-element-7eaad02e elementor-widget elementor-widget-text-editor\" data-id=\"7eaad02e\" data-element_type=\"widget\" data-e-type=\"widget\" data-widget_type=\"text-editor.default\">\n\t\t\t\t<div class=\"elementor-widget-container\">\n\t\t\t\t\t\t\t\t\t<h6 class=\"wp-block-heading\"><span style=\"color: #ffffff;\">Nuage de mots : Massage aux Huiles &#8211; Massage Thionville &#8211; Massage Luxembourg &#8211; Massage tha\u00eflandais &#8211; Massage californien &#8211; Massage d\u00e9tente &#8211; Massage int\u00e9gral &#8211; Massages Thionville &#8211; Massages Luxembourg &#8211; Massage Dudelange &#8211; Massage Bettembourg &#8211; Massage Esch &#8211; Massage Villerupt &#8211; Statistiques Google : massage tantrique &#8211; massage tantric &#8211; massage Thionville erotique &#8211; massage \u00e9rotique &#8211; massage \u00e9rotic &#8211; massage tantrique moselle &#8211; massage sensuel &#8211; massage naturiste moselle &#8211; massage \u00e9rotique massage naturiste &#8211; massage tantrique Thionville &#8211; massage 4 mains &#8211; massage nuru<\/span><\/h6><p><!-- \/wp:heading --> <!-- wp:paragraph --><\/p><p><!-- \/wp:paragraph --><\/p>\t\t\t\t\t\t\t\t<\/div>\n\t\t\t\t<\/div>\n\t\t\t\t\t<\/div>\n\t\t\t\t<\/div>\n\t\t\t\t<\/div>\n\t\t","protected":false},"excerpt":{"rendered":"<p>Massage 4 mains Lire la suite Massage int\u00e9gral \u00e0 huile Le massage \u00e0 l&#039;huile associe les bienfaits de la d\u00e9tente musculaire et de l&#039;hydratation de la peau. Lire la suite Massage &#038; Relaxation guid\u00e9e Une exp\u00e9rience unique dans la r\u00e9gion : relaxation guid\u00e9e et massage pour une d\u00e9tente totale. Lire la suite Modelage du dos [&hellip;]<\/p>\n","protected":false},"author":1,"featured_media":0,"parent":0,"menu_order":1,"comment_status":"closed","ping_status":"closed","template":"elementor_header_footer","meta":{"footnotes":""},"class_list":["post-26","page","type-page","status-publish","hentry"],"_links":{"self":[{"href":"https:\/\/www.manomalaxo.fr\/index.php?rest_route=\/wp\/v2\/pages\/26","targetHints":{"allow":["GET"]}}],"collection":[{"href":"https:\/\/www.manomalaxo.fr\/index.php?rest_route=\/wp\/v2\/pages"}],"about":[{"href":"https:\/\/www.manomalaxo.fr\/index.php?rest_route=\/wp\/v2\/types\/page"}],"author":[{"embeddable":true,"href":"https:\/\/www.manomalaxo.fr\/index.php?rest_route=\/wp\/v2\/users\/1"}],"replies":[{"embeddable":true,"href":"https:\/\/www.manomalaxo.fr\/index.php?rest_route=%2Fwp%2Fv2%2Fcomments&post=26"}],"version-history":[{"count":33,"href":"https:\/\/www.manomalaxo.fr\/index.php?rest_route=\/wp\/v2\/pages\/26\/revisions"}],"predecessor-version":[{"id":7741,"href":"https:\/\/www.manomalaxo.fr\/index.php?rest_route=\/wp\/v2\/pages\/26\/revisions\/7741"}],"wp:attachment":[{"href":"https:\/\/www.manomalaxo.fr\/index.php?rest_route=%2Fwp%2Fv2%2Fmedia&parent=26"}],"curies":[{"name":"wp","href":"https:\/\/api.w.org\/{rel}","templated":true}]}}